{"id":192,"date":"2017-07-16T00:21:33","date_gmt":"2017-07-16T04:21:33","guid":{"rendered":"http:\/\/www.mvpthemes.com\/zoxnews\/?page_id=192"},"modified":"2025-07-23T17:45:31","modified_gmt":"2025-07-23T20:45:31","slug":"over-ons","status":"publish","type":"page","link":"https:\/\/blog.solutidigital.com\/it\/over-ons\/","title":{"rendered":"Oltre a noi"},"content":{"rendered":"<html><body><p>Benvenuto\u00a0<a class=\"\" href=\"https:\/\/it.upstardigital.com\/\">https:\/\/blog.solutidigital.com\/<\/a>, ti presentiamo una piattaforma unica per informazioni sul lavoro, finanziamenti personali e trasporti.<br>La prima cosa da perdere \u00e8 che gli strumenti del tennis siano necessari e che tu abbia bisogno di fare qualcosa sul mercato del lavoro e di ottenere benefici finanziari da tutto il mondo.<\/p>\n\n\n\n<h3 class=\"wp-block-heading\">Undici Missie<\/h3>\n\n\n\n<p>Bij\u00a0<a class=\"\" href=\"https:\/\/it.upstardigital.com\/\">https:\/\/blog.solutidigital.com\/<\/a>\u00a0anche se in realt\u00e0 il verdetto \u00e8 pieno di informazioni dure e preziose sul lavoro e sulla finanza.<br>Il nostro compito \u00e8 quello di elaborare un processo complesso \u2013 quando si arriva a un piano, richiedere una pianificazione finanziaria \u2013 \u00e8 facile e divertente farlo.<br>Wij willen onze gebruikers versterken met pertinente inhoud, consigli pratici e waardevolle inzichten per aiutarli a fare i professionisti e le persone.<\/p>\n\n\n\n<h3 class=\"wp-block-heading\">Wat Wij Doen<\/h3>\n\n\n\n<ul class=\"wp-block-list\">\n<li><strong>Vacatureoverzicht:<\/strong><br>Wij bieden una razza scala aan informatie oltre werkgelegenheidskansen in vari settori, zodat candidaten functies kunnen vinden die passen bij hun vaardigheden en interessi.<\/li>\n\n\n\n<li><strong>Finanza personale:<\/strong><br>Pubblicheremo in pieno il comportamento del denaro, leggeremo consigli e suggerimenti per una situazione finanziaria geografica.<\/li>\n\n\n\n<li><strong>Carri\u00e8regidsen:<\/strong><br>Alcuni articoli e tutorial vengono sviluppati per creare lavori sul mercato del lavoro \u2013 dalla scrittura di un cv efficace per soddisfare le richieste di aiuto.<\/li>\n\n\n\n<li><strong>Aggiornamenti regolari:<\/strong><br>Con undici persone sempre aggiornate sulle ultime tendenze del mercato del lavoro e del mondo finanziario, sono sempre stato ben informato.<\/li>\n<\/ul>\n\n\n\n<h3 class=\"wp-block-heading\">Undici visite<\/h3>\n\n\n\n<p>Mi sono sforzato di ottenere una buona vendita online per tutti coloro che non hanno nulla in mente, ma anche per le pratiche pratiche per far s\u00ec che la tua situazione finanziaria si sviluppi e la tua carriera possa fiorire.<br>Con un team all&#039;avanguardia che ha creato contenuti di qualit\u00e0, siamo entrati in una comunit\u00e0 in cui sappiamo che il tennis ha avuto successo professionale e personale per tutti i nostri lavori manuali.<\/p>\n\n\n\n<h3 class=\"wp-block-heading\">Onze Toewijding<\/h3>\n\n\n\n<p>Wij zetten ons in trasparente, nauwkeurige e oggettiva informazione.<br>Promuoveremo operatori specifici di prodotti finanziari.<br>Onze inhoud \u00e8 ontworpen om nuttig en toegankelijk te zijn voor iedereen, ongeacht geraring of huidige situazionie.<\/p>\n\n\n\n<h3 class=\"wp-block-heading\">Neem Contact met Ons Op<\/h3>\n\n\n\n<p>Heb je vragen, suggerimenti di wil je meer weten over\u00a0<a class=\"\" href=\"https:\/\/it.upstardigital.com\/\">https:\/\/blog.solutidigital.com<\/a><br>Wij staan altijd voor je chiaro.<br>Aarzel niet om contact met ons op te nemen via email:<br><strong><a>contacto@finance.entreja.com<\/a><\/strong><\/p>\n<\/body><\/html>","protected":false},"excerpt":{"rendered":"<p>Welkom op\u00a0https:\/\/blog.solutidigital.com\/, jouw betrouwbare platform voor informatie over werk, persoonlijke financi\u00ebn en carri\u00e8remogelijkheden.Onze missie is om onze lezers de tools en kennis te bieden die ze nodig hebben om hun kansen op de arbeidsmarkt te vergroten en weloverwogen financi\u00eble beslissingen te nemen. Onze Missie Bij\u00a0https:\/\/blog.solutidigital.com\/\u00a0geloven wij dat iedereen toegang verdient tot duidelijke en nauwkeurige informatie [&hellip;]<\/p>\n","protected":false},"author":1,"featured_media":0,"parent":0,"menu_order":0,"comment_status":"closed","ping_status":"closed","template":"","meta":{"footnotes":""},"class_list":["post-192","page","type-page","status-publish","hentry"],"yoast_head":"<!-- This site is optimized with the Yoast SEO plugin v27.2 - https:\/\/yoast.com\/product\/yoast-seo-wordpress\/ -->\n<title>Over ons - Blog Solutidigital<\/title>\n<meta name=\"robots\" content=\"index, follow, max-snippet:-1, max-image-preview:large, max-video-preview:-1\" \/>\n<link rel=\"canonical\" href=\"https:\/\/blog.solutidigital.com\/it\/over-ons\/\" \/>\n<meta property=\"og:locale\" content=\"it_IT\" \/>\n<meta property=\"og:type\" content=\"article\" \/>\n<meta property=\"og:title\" content=\"Over ons - Blog Solutidigital\" \/>\n<meta property=\"og:description\" content=\"Welkom op\u00a0https:\/\/blog.solutidigital.com\/, jouw betrouwbare platform voor informatie over werk, persoonlijke financi\u00ebn en carri\u00e8remogelijkheden.Onze missie is om onze lezers de tools en kennis te bieden die ze nodig hebben om hun kansen op de arbeidsmarkt te vergroten en weloverwogen financi\u00eble beslissingen te nemen. Onze Missie Bij\u00a0https:\/\/blog.solutidigital.com\/\u00a0geloven wij dat iedereen toegang verdient tot duidelijke en nauwkeurige informatie [&hellip;]\" \/>\n<meta property=\"og:url\" content=\"https:\/\/blog.solutidigital.com\/it\/over-ons\/\" \/>\n<meta property=\"og:site_name\" content=\"Blog Solutidigital\" \/>\n<meta property=\"article:modified_time\" content=\"2025-07-23T20:45:31+00:00\" \/>\n<meta name=\"twitter:card\" content=\"summary_large_image\" \/>\n<meta name=\"twitter:label1\" content=\"Tempo di lettura stimato\" \/>\n\t<meta name=\"twitter:data1\" content=\"2 minuti\" \/>\n<script type=\"application\/ld+json\" class=\"yoast-schema-graph\">{\"@context\":\"https:\/\/schema.org\",\"@graph\":[{\"@type\":\"WebPage\",\"@id\":\"https:\/\/blog.solutidigital.com\/over-ons\/\",\"url\":\"https:\/\/blog.solutidigital.com\/over-ons\/\",\"name\":\"Over ons - Blog Solutidigital\",\"isPartOf\":{\"@id\":\"https:\/\/blog.solutidigital.com\/#website\"},\"datePublished\":\"2017-07-16T04:21:33+00:00\",\"dateModified\":\"2025-07-23T20:45:31+00:00\",\"breadcrumb\":{\"@id\":\"https:\/\/blog.solutidigital.com\/over-ons\/#breadcrumb\"},\"inLanguage\":\"it-IT\",\"potentialAction\":[{\"@type\":\"ReadAction\",\"target\":[\"https:\/\/blog.solutidigital.com\/over-ons\/\"]}]},{\"@type\":\"BreadcrumbList\",\"@id\":\"https:\/\/blog.solutidigital.com\/over-ons\/#breadcrumb\",\"itemListElement\":[{\"@type\":\"ListItem\",\"position\":1,\"name\":\"In\u00edcio\",\"item\":\"https:\/\/blog.solutidigital.com\/\"},{\"@type\":\"ListItem\",\"position\":2,\"name\":\"Over ons\"}]},{\"@type\":\"WebSite\",\"@id\":\"https:\/\/blog.solutidigital.com\/#website\",\"url\":\"https:\/\/blog.solutidigital.com\/\",\"name\":\"Blog Solutidigital\",\"description\":\"\",\"potentialAction\":[{\"@type\":\"SearchAction\",\"target\":{\"@type\":\"EntryPoint\",\"urlTemplate\":\"https:\/\/blog.solutidigital.com\/?s={search_term_string}\"},\"query-input\":{\"@type\":\"PropertyValueSpecification\",\"valueRequired\":true,\"valueName\":\"search_term_string\"}}],\"inLanguage\":\"it-IT\"}]}<\/script>\n<!-- \/ Yoast SEO plugin. -->","yoast_head_json":{"title":"Over ons - Blog Solutidigital","robots":{"index":"index","follow":"follow","max-snippet":"max-snippet:-1","max-image-preview":"max-image-preview:large","max-video-preview":"max-video-preview:-1"},"canonical":"https:\/\/blog.solutidigital.com\/it\/over-ons\/","og_locale":"it_IT","og_type":"article","og_title":"Over ons - Blog Solutidigital","og_description":"Welkom op\u00a0https:\/\/blog.solutidigital.com\/, jouw betrouwbare platform voor informatie over werk, persoonlijke financi\u00ebn en carri\u00e8remogelijkheden.Onze missie is om onze lezers de tools en kennis te bieden die ze nodig hebben om hun kansen op de arbeidsmarkt te vergroten en weloverwogen financi\u00eble beslissingen te nemen. Onze Missie Bij\u00a0https:\/\/blog.solutidigital.com\/\u00a0geloven wij dat iedereen toegang verdient tot duidelijke en nauwkeurige informatie [&hellip;]","og_url":"https:\/\/blog.solutidigital.com\/it\/over-ons\/","og_site_name":"Blog Solutidigital","article_modified_time":"2025-07-23T20:45:31+00:00","twitter_card":"summary_large_image","twitter_misc":{"Tempo di lettura stimato":"2 minuti"},"schema":{"@context":"https:\/\/schema.org","@graph":[{"@type":"WebPage","@id":"https:\/\/blog.solutidigital.com\/over-ons\/","url":"https:\/\/blog.solutidigital.com\/over-ons\/","name":"Over ons - Blog Solutidigital","isPartOf":{"@id":"https:\/\/blog.solutidigital.com\/#website"},"datePublished":"2017-07-16T04:21:33+00:00","dateModified":"2025-07-23T20:45:31+00:00","breadcrumb":{"@id":"https:\/\/blog.solutidigital.com\/over-ons\/#breadcrumb"},"inLanguage":"it-IT","potentialAction":[{"@type":"ReadAction","target":["https:\/\/blog.solutidigital.com\/over-ons\/"]}]},{"@type":"BreadcrumbList","@id":"https:\/\/blog.solutidigital.com\/over-ons\/#breadcrumb","itemListElement":[{"@type":"ListItem","position":1,"name":"In\u00edcio","item":"https:\/\/blog.solutidigital.com\/"},{"@type":"ListItem","position":2,"name":"Over ons"}]},{"@type":"WebSite","@id":"https:\/\/blog.solutidigital.com\/#website","url":"https:\/\/blog.solutidigital.com\/","name":"Blog Solutidigital","description":"","potentialAction":[{"@type":"SearchAction","target":{"@type":"EntryPoint","urlTemplate":"https:\/\/blog.solutidigital.com\/?s={search_term_string}"},"query-input":{"@type":"PropertyValueSpecification","valueRequired":true,"valueName":"search_term_string"}}],"inLanguage":"it-IT"}]}},"_links":{"self":[{"href":"https:\/\/blog.solutidigital.com\/it\/wp-json\/wp\/v2\/pages\/192","targetHints":{"allow":["GET"]}}],"collection":[{"href":"https:\/\/blog.solutidigital.com\/it\/wp-json\/wp\/v2\/pages"}],"about":[{"href":"https:\/\/blog.solutidigital.com\/it\/wp-json\/wp\/v2\/types\/page"}],"author":[{"embeddable":true,"href":"https:\/\/blog.solutidigital.com\/it\/wp-json\/wp\/v2\/users\/1"}],"replies":[{"embeddable":true,"href":"https:\/\/blog.solutidigital.com\/it\/wp-json\/wp\/v2\/comments?post=192"}],"version-history":[{"count":5,"href":"https:\/\/blog.solutidigital.com\/it\/wp-json\/wp\/v2\/pages\/192\/revisions"}],"predecessor-version":[{"id":491,"href":"https:\/\/blog.solutidigital.com\/it\/wp-json\/wp\/v2\/pages\/192\/revisions\/491"}],"wp:attachment":[{"href":"https:\/\/blog.solutidigital.com\/it\/wp-json\/wp\/v2\/media?parent=192"}],"curies":[{"name":"wp","href":"https:\/\/api.w.org\/{rel}","templated":true}]}}