{"id":197,"date":"2017-07-16T01:47:19","date_gmt":"2017-07-16T05:47:19","guid":{"rendered":"http:\/\/www.mvpthemes.com\/zoxnews\/?page_id=197"},"modified":"2025-07-23T17:47:24","modified_gmt":"2025-07-23T20:47:24","slug":"gebruiksvoorwaarden","status":"publish","type":"page","link":"https:\/\/blog.solutidigital.com\/it\/gebruiksvoorwaarden\/","title":{"rendered":"Gebruiksvoorwaarden"},"content":{"rendered":"<html><body><p>Benvenuto\u00a0<a class=\"\" href=\"https:\/\/it.upstardigital.com\/\">https:\/\/blog.solutidigital.com\/<\/a>! Deze Gebruiksvoorwaarden regelen het gebruik van Eleven website en de aangeboden diensten. Door toegang te krijgen tot of gebruik te make van deze site, ga je akkoord met de onderstaande voorwaarden. Se non ti sei piegato con uno di pi\u00f9 di questi preferiti, verzoeken wij je de site niet te gebruiken.<\/p>\n\n\n\n<h3 class=\"wp-block-heading\">1. Informazioni su\u00a0<a class=\"\" href=\"https:\/\/it.upstardigital.com\/\">https:\/\/blog.solutidigital.com\/<\/a><\/h3>\n\n\n\n<p><a class=\"\" href=\"https:\/\/it.upstardigital.com\/\">https:\/\/blog.solutidigital.com\/<\/a>\u00a0\u00e8 un sito web che fornisce informazioni sul lavoro, carriera finanziaria, con il peso delle scommesse sui posti vacanti, consigli finanziari e consulenza per gli utenti che possono lavorare sul mercato lavorativo.<\/p>\n\n\n\n<h3 class=\"wp-block-heading\">2. Monetizzazione<\/h3>\n\n\n\n<p>Undici siti web sono stati monetarizzati tramite il programma Google AdSense. Ci\u00f2 significa che ci sono annunci pubblicitari su diversi prodotti in diverse sezioni del sito.<br><a class=\"\" href=\"https:\/\/it.upstardigital.com\/\">https:\/\/blog.solutidigital.com\/<\/a>\u00a0\u00c8\u00a0<strong>niet verantwoordelijk<\/strong>\u00a0per l&#039;ingresso degli annunci pubblicitari, anche per la produzione dei diensten degli inserzionisti vengono promossi.<br>Fare clic su un avviso generato su un rischio rischioso e, in seguito, all&#039;inizio del prodotto o al controllo del dispositivo, \u00e8 stato fatto un acquisto.<\/p>\n\n\n\n<h3 class=\"wp-block-heading\">3. Gebruik van de Site<\/h3>\n\n\n\n<p>Je stemt ermee in de site uitsluitend te gebruiken voor legal doeleinden and in overeenstemming met the toepasselijke wetgeving. \u00c8 verboden om:<\/p>\n\n\n\n<ul class=\"wp-block-list\">\n<li>De site te gebruiken om illegale, aanstootgevende, beledigende of schadelijke inhoud te verspreiden.<\/li>\n\n\n\n<li>Pogingen te doen om zonder toestemming toegang te krijgen tot de server hern.<\/li>\n\n\n\n<li>I virus di altri software schadelijke potrebbero danneggiare le funzioni del sito.<\/li>\n<\/ul>\n\n\n\n<h3 class=\"wp-block-heading\">4. Inhoud e diritto intellettuale<\/h3>\n\n\n\n<p>Tutto ci\u00f2 che \u00e8 disponibile \u00e8 su https:\/\/finance.upstardigital.com\/ inclusi testi, immagini, fotografie e video, \u00e8 protetto autenursrechtelijk e proprio del sito dei suoi licenziatari, tenzij anders aangegeven.<br>L&#039;uso dell&#039;inhoud zonder voorafgaande toestemming \u00e8\u00a0<strong>ten strengste verboden<\/strong>.<\/p>\n\n\n\n<h3 class=\"wp-block-heading\">5. Aansprakelijkheidsbeperking<\/h3>\n\n\n\n<p>De informatie op\u00a0<a class=\"\" href=\"https:\/\/it.upstardigital.com\/\">https:\/\/blog.solutidigital.com\/<\/a>\u00a0\u00e8 un ottimo strumento per fornire informazioni e ricevere consigli professionali sulla finanza, lavoro in ritardo o altri.<br>Non garantiamo la giustizia, l&#039;attualit\u00e0 dell&#039;interno e la consapevolezza dell&#039;utilizzo delle informazioni\u00a0<strong>op eigen risico<\/strong>\u00a0\u00c8.<\/p>\n\n\n\n<h3 class=\"wp-block-heading\">6. Collegamenti sui siti Web di Derden<\/h3>\n\n\n\n<p>Onze sito kan collegamenti bevatten naar siti web van derden die niet onder ons beheer vallen.<br>Noi siamo\u00a0<strong>niet verantwoordelijk<\/strong>\u00a0per il rispetto della privacy sui siti.<br>Wij raden aan om de voorwaarden and het beleid van derden zorgvuldig te lezen voordat je personallijke gegevens moltissime transazioni uitvoert.<\/p>\n\n\n\n<h3 class=\"wp-block-heading\">7. Wijzigingen in de Gebruiksvoorwaarden<\/h3>\n\n\n\n<p>Wij behouden ons het recht voor om deze Gebruiksvoorwaarden op alk moment zonder voorafgaande kennisgeving te wijzigen of bij te werken.<br>De wijzigingen zijn\u00a0<strong>onmiddellijk van kracht<\/strong>\u00a0zodra ze op de site zijn gepubliceerd.<br>Ti aiuteremo a controllare regolarmente dieci pagine per visualizzare eventuali aggiornamenti.<\/p>\n\n\n\n<h3 class=\"wp-block-heading\">8. Riservatezza<\/h3>\n\n\n\n<p>Utilizzare pi\u00f9 informazioni nel tempo per scoprire sempre pi\u00f9 informazioni\u00a0<strong>Privacy credo<\/strong>.<\/p>\n\n\n\n<h3 class=\"wp-block-heading\">9. Contatto<\/h3>\n\n\n\n<p>Heb je vragen over deze Gebruiksvoorwaarden? Neem dan contact met ons op via e-mail:<\/p>\n\n\n\n<p><strong>E-mail:<\/strong>\u00a0<a>contacto@finance.entreja.com<\/a><\/p>\n<\/body><\/html>","protected":false},"excerpt":{"rendered":"<p>Welkom op\u00a0https:\/\/blog.solutidigital.com\/! Deze Gebruiksvoorwaarden regelen het gebruik van onze website en de aangeboden diensten. Door toegang te krijgen tot of gebruik te maken van deze site, ga je akkoord met de onderstaande voorwaarden. Als je het niet eens bent met een of meer delen van deze voorwaarden, verzoeken wij je de site niet te gebruiken. [&hellip;]<\/p>\n","protected":false},"author":1,"featured_media":0,"parent":0,"menu_order":0,"comment_status":"closed","ping_status":"closed","template":"","meta":{"footnotes":""},"class_list":["post-197","page","type-page","status-publish","hentry"],"yoast_head":"<!-- This site is optimized with the Yoast SEO plugin v27.2 - https:\/\/yoast.com\/product\/yoast-seo-wordpress\/ -->\n<title>Gebruiksvoorwaarden - Blog Solutidigital<\/title>\n<meta name=\"robots\" content=\"index, follow, max-snippet:-1, max-image-preview:large, max-video-preview:-1\" \/>\n<link rel=\"canonical\" href=\"https:\/\/blog.solutidigital.com\/it\/gebruiksvoorwaarden\/\" \/>\n<meta property=\"og:locale\" content=\"it_IT\" \/>\n<meta property=\"og:type\" content=\"article\" \/>\n<meta property=\"og:title\" content=\"Gebruiksvoorwaarden - Blog Solutidigital\" \/>\n<meta property=\"og:description\" content=\"Welkom op\u00a0https:\/\/blog.solutidigital.com\/! Deze Gebruiksvoorwaarden regelen het gebruik van onze website en de aangeboden diensten. Door toegang te krijgen tot of gebruik te maken van deze site, ga je akkoord met de onderstaande voorwaarden. Als je het niet eens bent met een of meer delen van deze voorwaarden, verzoeken wij je de site niet te gebruiken. [&hellip;]\" \/>\n<meta property=\"og:url\" content=\"https:\/\/blog.solutidigital.com\/it\/gebruiksvoorwaarden\/\" \/>\n<meta property=\"og:site_name\" content=\"Blog Solutidigital\" \/>\n<meta property=\"article:modified_time\" content=\"2025-07-23T20:47:24+00:00\" \/>\n<meta name=\"twitter:card\" content=\"summary_large_image\" \/>\n<meta name=\"twitter:label1\" content=\"Tempo di lettura stimato\" \/>\n\t<meta name=\"twitter:data1\" content=\"3 minuti\" \/>\n<script type=\"application\/ld+json\" class=\"yoast-schema-graph\">{\"@context\":\"https:\/\/schema.org\",\"@graph\":[{\"@type\":\"WebPage\",\"@id\":\"https:\/\/blog.solutidigital.com\/gebruiksvoorwaarden\/\",\"url\":\"https:\/\/blog.solutidigital.com\/gebruiksvoorwaarden\/\",\"name\":\"Gebruiksvoorwaarden - Blog Solutidigital\",\"isPartOf\":{\"@id\":\"https:\/\/blog.solutidigital.com\/#website\"},\"datePublished\":\"2017-07-16T05:47:19+00:00\",\"dateModified\":\"2025-07-23T20:47:24+00:00\",\"breadcrumb\":{\"@id\":\"https:\/\/blog.solutidigital.com\/gebruiksvoorwaarden\/#breadcrumb\"},\"inLanguage\":\"it-IT\",\"potentialAction\":[{\"@type\":\"ReadAction\",\"target\":[\"https:\/\/blog.solutidigital.com\/gebruiksvoorwaarden\/\"]}]},{\"@type\":\"BreadcrumbList\",\"@id\":\"https:\/\/blog.solutidigital.com\/gebruiksvoorwaarden\/#breadcrumb\",\"itemListElement\":[{\"@type\":\"ListItem\",\"position\":1,\"name\":\"In\u00edcio\",\"item\":\"https:\/\/blog.solutidigital.com\/\"},{\"@type\":\"ListItem\",\"position\":2,\"name\":\"Gebruiksvoorwaarden\"}]},{\"@type\":\"WebSite\",\"@id\":\"https:\/\/blog.solutidigital.com\/#website\",\"url\":\"https:\/\/blog.solutidigital.com\/\",\"name\":\"Blog Solutidigital\",\"description\":\"\",\"potentialAction\":[{\"@type\":\"SearchAction\",\"target\":{\"@type\":\"EntryPoint\",\"urlTemplate\":\"https:\/\/blog.solutidigital.com\/?s={search_term_string}\"},\"query-input\":{\"@type\":\"PropertyValueSpecification\",\"valueRequired\":true,\"valueName\":\"search_term_string\"}}],\"inLanguage\":\"it-IT\"}]}<\/script>\n<!-- \/ Yoast SEO plugin. -->","yoast_head_json":{"title":"Gebruiksvoorwaarden - Blog Solutidigital","robots":{"index":"index","follow":"follow","max-snippet":"max-snippet:-1","max-image-preview":"max-image-preview:large","max-video-preview":"max-video-preview:-1"},"canonical":"https:\/\/blog.solutidigital.com\/it\/gebruiksvoorwaarden\/","og_locale":"it_IT","og_type":"article","og_title":"Gebruiksvoorwaarden - Blog Solutidigital","og_description":"Welkom op\u00a0https:\/\/blog.solutidigital.com\/! Deze Gebruiksvoorwaarden regelen het gebruik van onze website en de aangeboden diensten. Door toegang te krijgen tot of gebruik te maken van deze site, ga je akkoord met de onderstaande voorwaarden. Als je het niet eens bent met een of meer delen van deze voorwaarden, verzoeken wij je de site niet te gebruiken. [&hellip;]","og_url":"https:\/\/blog.solutidigital.com\/it\/gebruiksvoorwaarden\/","og_site_name":"Blog Solutidigital","article_modified_time":"2025-07-23T20:47:24+00:00","twitter_card":"summary_large_image","twitter_misc":{"Tempo di lettura stimato":"3 minuti"},"schema":{"@context":"https:\/\/schema.org","@graph":[{"@type":"WebPage","@id":"https:\/\/blog.solutidigital.com\/gebruiksvoorwaarden\/","url":"https:\/\/blog.solutidigital.com\/gebruiksvoorwaarden\/","name":"Gebruiksvoorwaarden - Blog Solutidigital","isPartOf":{"@id":"https:\/\/blog.solutidigital.com\/#website"},"datePublished":"2017-07-16T05:47:19+00:00","dateModified":"2025-07-23T20:47:24+00:00","breadcrumb":{"@id":"https:\/\/blog.solutidigital.com\/gebruiksvoorwaarden\/#breadcrumb"},"inLanguage":"it-IT","potentialAction":[{"@type":"ReadAction","target":["https:\/\/blog.solutidigital.com\/gebruiksvoorwaarden\/"]}]},{"@type":"BreadcrumbList","@id":"https:\/\/blog.solutidigital.com\/gebruiksvoorwaarden\/#breadcrumb","itemListElement":[{"@type":"ListItem","position":1,"name":"In\u00edcio","item":"https:\/\/blog.solutidigital.com\/"},{"@type":"ListItem","position":2,"name":"Gebruiksvoorwaarden"}]},{"@type":"WebSite","@id":"https:\/\/blog.solutidigital.com\/#website","url":"https:\/\/blog.solutidigital.com\/","name":"Blog Solutidigital","description":"","potentialAction":[{"@type":"SearchAction","target":{"@type":"EntryPoint","urlTemplate":"https:\/\/blog.solutidigital.com\/?s={search_term_string}"},"query-input":{"@type":"PropertyValueSpecification","valueRequired":true,"valueName":"search_term_string"}}],"inLanguage":"it-IT"}]}},"_links":{"self":[{"href":"https:\/\/blog.solutidigital.com\/it\/wp-json\/wp\/v2\/pages\/197","targetHints":{"allow":["GET"]}}],"collection":[{"href":"https:\/\/blog.solutidigital.com\/it\/wp-json\/wp\/v2\/pages"}],"about":[{"href":"https:\/\/blog.solutidigital.com\/it\/wp-json\/wp\/v2\/types\/page"}],"author":[{"embeddable":true,"href":"https:\/\/blog.solutidigital.com\/it\/wp-json\/wp\/v2\/users\/1"}],"replies":[{"embeddable":true,"href":"https:\/\/blog.solutidigital.com\/it\/wp-json\/wp\/v2\/comments?post=197"}],"version-history":[{"count":3,"href":"https:\/\/blog.solutidigital.com\/it\/wp-json\/wp\/v2\/pages\/197\/revisions"}],"predecessor-version":[{"id":493,"href":"https:\/\/blog.solutidigital.com\/it\/wp-json\/wp\/v2\/pages\/197\/revisions\/493"}],"wp:attachment":[{"href":"https:\/\/blog.solutidigital.com\/it\/wp-json\/wp\/v2\/media?parent=197"}],"curies":[{"name":"wp","href":"https:\/\/api.w.org\/{rel}","templated":true}]}}